{"id":104,"date":"2018-05-08T19:36:36","date_gmt":"2018-05-08T17:36:36","guid":{"rendered":"http:\/\/sophrologie-hypnose-saint-raphael-frejus.fr\/?page_id=104"},"modified":"2018-06-07T09:53:15","modified_gmt":"2018-06-07T07:53:15","slug":"quest-ce-que-lhypnose","status":"publish","type":"page","link":"https:\/\/sophrologie-hypnose-saint-raphael-frejus.fr\/index.php\/hypnose\/quest-ce-que-lhypnose\/","title":{"rendered":"Qu&rsquo;est ce que l&rsquo;hypnose"},"content":{"rendered":"<p align=\"justify\"><strong><em>\u00ab\u00a0Hypnos\u00a0\u00bb<\/em><\/strong> en grec signifie sommeil. Mais contrairement \u00e0 ce que la racine grecque pourrait sugg\u00e9rer, ce n&rsquo;est pas un \u00e9tat de sommeil. L\u2019hypnose est tout simplement un \u00e9tat modifi\u00e9 de conscience. C\u2019est un <strong>\u00e9tat naturel<\/strong> que l\u2019on exp\u00e9rimente au quotidien <strong><u>sans s\u2019en rendre compte<\/u><\/strong>. Notre attention est spontan\u00e9ment d\u00e9plac\u00e9e vers des stimuli internes.<\/p>\n<p>Par exemple :<br \/>\n&#8211; Lorsque l\u2019on est absorb\u00e9 par un film ou en lisant un livre, en faisant abstraction de ce qui se passe autour de nous.<br \/>\n&#8211; Conduire d\u2019une mani\u00e8re automatique lors d\u2019un trajet habituel en voiture\u2026.<\/p>\n<p align=\"justify\">Lors des s\u00e9ances on propose au patient d\u2019utiliser<strong><u> intentionnellement<\/u><\/strong> cette capacit\u00e9 qu\u2019il poss\u00e8de d\u00e9j\u00e0. Il va donc pouvoir acc\u00e9der \u00e0 ses ressources inconscientes ainsi qu\u2019\u00e0 d\u2019immenses capacit\u00e9s de changement et d\u2019apprentissage.<\/p>\n<p><strong>Ce qu\u2019il faut savoir :<\/strong><br \/>\n&#8211; Ce n\u2019est pas de l\u2019hypnose de spectacle<br \/>\n&#8211; Vous ne dormez pas<br \/>\n&#8211; Vous restez ma\u00eetre de vos actes<br \/>\n&#8211; Vous pouvez accepter les suggestions qui vous sont faites ou les rejeter<br \/>\n&#8211; Vous \u00eates libre de stopper l\u2019exp\u00e9rience quand bon vous semble<\/p>\n<p>L\u2019hypnose est une th\u00e9rapie br\u00e8ve ayant pour objectif l\u2019autonomie.<\/p>\n","protected":false},"excerpt":{"rendered":"<p>\u00ab\u00a0Hypnos\u00a0\u00bb en grec signifie sommeil. Mais contrairement \u00e0 ce que la racine grecque pourrait sugg\u00e9rer, ce n&rsquo;est pas un \u00e9tat de sommeil. L\u2019hypnose est tout simplement un \u00e9tat modifi\u00e9 de conscience. C\u2019est un \u00e9tat naturel que l\u2019on exp\u00e9rimente au quotidien sans s\u2019en rendre compte. Notre attention est spontan\u00e9ment d\u00e9plac\u00e9e vers des stimuli internes. Par exemple &hellip; <a href=\"https:\/\/sophrologie-hypnose-saint-raphael-frejus.fr\/index.php\/hypnose\/quest-ce-que-lhypnose\/\" class=\"more-link\">Continuer la lecture<span class=\"screen-reader-text\"> de &laquo;&nbsp;Qu&rsquo;est ce que l&rsquo;hypnose&nbsp;&raquo;<\/span><\/a><\/p>\n","protected":false},"author":1,"featured_media":0,"parent":78,"menu_order":0,"comment_status":"closed","ping_status":"closed","template":"","meta":[],"yoast_head":"<!-- This site is optimized with the Yoast SEO plugin v16.5 - https:\/\/yoast.com\/wordpress\/plugins\/seo\/ -->\n<title>Qu&#039;est ce que l&#039;hypnose - Saint Raphel - Fr\u00e9jus<\/title>\n<meta name=\"robots\" content=\"index, follow, max-snippet:-1, max-image-preview:large, max-video-preview:-1\" \/>\n<link rel=\"canonical\" href=\"https:\/\/sophrologie-hypnose-saint-raphael-frejus.fr\/index.php\/hypnose\/quest-ce-que-lhypnose\/\" \/>\n<meta property=\"og:locale\" content=\"fr_FR\" \/>\n<meta property=\"og:type\" content=\"article\" \/>\n<meta property=\"og:title\" content=\"Qu&#039;est ce que l&#039;hypnose - Saint Raphel - Fr\u00e9jus\" \/>\n<meta property=\"og:description\" content=\"\u00ab\u00a0Hypnos\u00a0\u00bb en grec signifie sommeil. Mais contrairement \u00e0 ce que la racine grecque pourrait sugg\u00e9rer, ce n&rsquo;est pas un \u00e9tat de sommeil. L\u2019hypnose est tout simplement un \u00e9tat modifi\u00e9 de conscience. C\u2019est un \u00e9tat naturel que l\u2019on exp\u00e9rimente au quotidien sans s\u2019en rendre compte. Notre attention est spontan\u00e9ment d\u00e9plac\u00e9e vers des stimuli internes. Par exemple &hellip; Continuer la lecture de &laquo;&nbsp;Qu&rsquo;est ce que l&rsquo;hypnose&nbsp;&raquo;\" \/>\n<meta property=\"og:url\" content=\"https:\/\/sophrologie-hypnose-saint-raphael-frejus.fr\/index.php\/hypnose\/quest-ce-que-lhypnose\/\" \/>\n<meta property=\"og:site_name\" content=\"Sophrologue - Sophroth\u00e9rapeute - Hypnoth\u00e9rapeute\" \/>\n<meta property=\"article:modified_time\" content=\"2018-06-07T07:53:15+00:00\" \/>\n<meta name=\"twitter:card\" content=\"summary_large_image\" \/>\n<meta name=\"twitter:label1\" content=\"Dur\u00e9e de lecture est.\" \/>\n\t<meta name=\"twitter:data1\" content=\"1 minute\" \/>\n<script type=\"application\/ld+json\" class=\"yoast-schema-graph\">{\"@context\":\"https:\/\/schema.org\",\"@graph\":[{\"@type\":\"WebSite\",\"@id\":\"http:\/\/sophrologie-hypnose-saint-raphael-frejus.fr\/#website\",\"url\":\"http:\/\/sophrologie-hypnose-saint-raphael-frejus.fr\/\",\"name\":\"Sophrologue - Sophroth\\u00e9rapeute - Hypnoth\\u00e9rapeute\",\"description\":\"Sophie Davignon - Saint-Raphael\",\"potentialAction\":[{\"@type\":\"SearchAction\",\"target\":\"http:\/\/sophrologie-hypnose-saint-raphael-frejus.fr\/?s={search_term_string}\",\"query-input\":\"required name=search_term_string\"}],\"inLanguage\":\"fr-FR\"},{\"@type\":\"WebPage\",\"@id\":\"https:\/\/sophrologie-hypnose-saint-raphael-frejus.fr\/index.php\/hypnose\/quest-ce-que-lhypnose\/#webpage\",\"url\":\"https:\/\/sophrologie-hypnose-saint-raphael-frejus.fr\/index.php\/hypnose\/quest-ce-que-lhypnose\/\",\"name\":\"Qu'est ce que l'hypnose - Saint Raphel - Fr\\u00e9jus\",\"isPartOf\":{\"@id\":\"http:\/\/sophrologie-hypnose-saint-raphael-frejus.fr\/#website\"},\"datePublished\":\"2018-05-08T17:36:36+00:00\",\"dateModified\":\"2018-06-07T07:53:15+00:00\",\"breadcrumb\":{\"@id\":\"https:\/\/sophrologie-hypnose-saint-raphael-frejus.fr\/index.php\/hypnose\/quest-ce-que-lhypnose\/#breadcrumb\"},\"inLanguage\":\"fr-FR\",\"potentialAction\":[{\"@type\":\"ReadAction\",\"target\":[\"https:\/\/sophrologie-hypnose-saint-raphael-frejus.fr\/index.php\/hypnose\/quest-ce-que-lhypnose\/\"]}]},{\"@type\":\"BreadcrumbList\",\"@id\":\"https:\/\/sophrologie-hypnose-saint-raphael-frejus.fr\/index.php\/hypnose\/quest-ce-que-lhypnose\/#breadcrumb\",\"itemListElement\":[{\"@type\":\"ListItem\",\"position\":1,\"name\":\"Accueil\",\"item\":\"http:\/\/sophrologie-hypnose-saint-raphael-frejus.fr\/\"},{\"@type\":\"ListItem\",\"position\":2,\"name\":\"Hypnose\",\"item\":\"http:\/\/sophrologie-hypnose-saint-raphael-frejus.fr\/index.php\/hypnose\/\"},{\"@type\":\"ListItem\",\"position\":3,\"name\":\"Qu&rsquo;est ce que l&rsquo;hypnose\"}]}]}<\/script>\n<!-- \/ Yoast SEO plugin. -->","_links":{"self":[{"href":"https:\/\/sophrologie-hypnose-saint-raphael-frejus.fr\/index.php\/wp-json\/wp\/v2\/pages\/104"}],"collection":[{"href":"https:\/\/sophrologie-hypnose-saint-raphael-frejus.fr\/index.php\/wp-json\/wp\/v2\/pages"}],"about":[{"href":"https:\/\/sophrologie-hypnose-saint-raphael-frejus.fr\/index.php\/wp-json\/wp\/v2\/types\/page"}],"author":[{"embeddable":true,"href":"https:\/\/sophrologie-hypnose-saint-raphael-frejus.fr\/index.php\/wp-json\/wp\/v2\/users\/1"}],"replies":[{"embeddable":true,"href":"https:\/\/sophrologie-hypnose-saint-raphael-frejus.fr\/index.php\/wp-json\/wp\/v2\/comments?post=104"}],"version-history":[{"count":7,"href":"https:\/\/sophrologie-hypnose-saint-raphael-frejus.fr\/index.php\/wp-json\/wp\/v2\/pages\/104\/revisions"}],"predecessor-version":[{"id":202,"href":"https:\/\/sophrologie-hypnose-saint-raphael-frejus.fr\/index.php\/wp-json\/wp\/v2\/pages\/104\/revisions\/202"}],"up":[{"embeddable":true,"href":"https:\/\/sophrologie-hypnose-saint-raphael-frejus.fr\/index.php\/wp-json\/wp\/v2\/pages\/78"}],"wp:attachment":[{"href":"https:\/\/sophrologie-hypnose-saint-raphael-frejus.fr\/index.php\/wp-json\/wp\/v2\/media?parent=104"}],"curies":[{"name":"wp","href":"https:\/\/api.w.org\/{rel}","templated":true}]}}