{"id":108,"date":"2018-05-08T19:38:40","date_gmt":"2018-05-08T17:38:40","guid":{"rendered":"http:\/\/sophrologie-hypnose-saint-raphael-frejus.fr\/?page_id=108"},"modified":"2018-06-07T09:52:32","modified_gmt":"2018-06-07T07:52:32","slug":"la-seance-en-hypnose","status":"publish","type":"page","link":"https:\/\/sophrologie-hypnose-saint-raphael-frejus.fr\/index.php\/hypnose\/la-seance-en-hypnose\/","title":{"rendered":"La s\u00e9ance en hypnose"},"content":{"rendered":"<h2><strong>La s\u00e9ance en hypnose<\/strong> (environ 1 heure)<\/h2>\n<ul>\n<li>Chaque s\u00e9ance commence par un moment de dialogue indispensable pour cr\u00e9er une interaction de qualit\u00e9 entre le th\u00e9rapeute et le patient. Cet entretien permet \u00e0 l\u2019hypnoth\u00e9rapeute de recueillir un certain nombre d\u2019informations, de d\u00e9mystifier l\u2019hypnose et au patient d\u2019exposer ses besoins et sa probl\u00e9matique.<\/li>\n<li>l\u2019induction de l\u2019\u00e9tat hypnotique. Les techniques d\u2019induction sont nombreuses. Elles permettent d\u2019entrer dans un \u00e9tat de focalisation int\u00e9rieure : \u00ab la transe \u00bb. Par exemple : fixation de l\u2019attention sur un objet, sur un point, sur des sensations corporelles, des souvenirs\u2026<\/li>\n<li>Le travail th\u00e9rapeutique : Par le biais de suggestions ou de m\u00e9taphores qui vont dans le sens de votre objectif.<\/li>\n<li>La sortie de l\u2019\u00e9tat d\u2019hypnose<\/li>\n<li>L\u2019entretien post-hypnotique<\/li>\n<\/ul>\n<p>Discussion courte sur le d\u00e9roulement de la s\u00e9ance. Gr\u00e2ce \u00e0 l&rsquo;apprentissage de l&rsquo;auto-hypnose, tr\u00e8s rapidement le patient peut int\u00e9grer ces nouveaux outils dans la vie active et gagner en autonomie.<\/p>\n<p><img loading=\"lazy\" class=\"alignnone size-medium wp-image-164\" src=\"http:\/\/sophrologie-hypnose-saint-raphael-frejus.fr\/wp-content\/uploads\/2018\/05\/IMG_4770-233x300.jpg\" alt=\"le local\" width=\"233\" height=\"300\" srcset=\"https:\/\/sophrologie-hypnose-saint-raphael-frejus.fr\/wp-content\/uploads\/2018\/05\/IMG_4770-233x300.jpg 233w, https:\/\/sophrologie-hypnose-saint-raphael-frejus.fr\/wp-content\/uploads\/2018\/05\/IMG_4770.jpg 496w\" sizes=\"(max-width: 233px) 85vw, 233px\" \/><\/p>\n","protected":false},"excerpt":{"rendered":"<p>La s\u00e9ance en hypnose (environ 1 heure) Chaque s\u00e9ance commence par un moment de dialogue indispensable pour cr\u00e9er une interaction de qualit\u00e9 entre le th\u00e9rapeute et le patient. Cet entretien permet \u00e0 l\u2019hypnoth\u00e9rapeute de recueillir un certain nombre d\u2019informations, de d\u00e9mystifier l\u2019hypnose et au patient d\u2019exposer ses besoins et sa probl\u00e9matique. l\u2019induction de l\u2019\u00e9tat hypnotique. &hellip; <a href=\"https:\/\/sophrologie-hypnose-saint-raphael-frejus.fr\/index.php\/hypnose\/la-seance-en-hypnose\/\" class=\"more-link\">Continuer la lecture<span class=\"screen-reader-text\"> de &laquo;&nbsp;La s\u00e9ance en hypnose&nbsp;&raquo;<\/span><\/a><\/p>\n","protected":false},"author":1,"featured_media":0,"parent":78,"menu_order":2,"comment_status":"closed","ping_status":"closed","template":"","meta":[],"yoast_head":"<!-- This site is optimized with the Yoast SEO plugin v16.5 - https:\/\/yoast.com\/wordpress\/plugins\/seo\/ -->\n<title>La s\u00e9ance d&#039;hypnose - Saint-Raphael - Fr\u00e9jus<\/title>\n<meta name=\"robots\" content=\"index, follow, max-snippet:-1, max-image-preview:large, max-video-preview:-1\" \/>\n<link rel=\"canonical\" href=\"http:\/\/sophrologie-hypnose-saint-raphael-frejus.fr\/index.php\/hypnose\/la-seance-en-hypnose\/\" \/>\n<meta property=\"og:locale\" content=\"fr_FR\" \/>\n<meta property=\"og:type\" content=\"article\" \/>\n<meta property=\"og:title\" content=\"La s\u00e9ance d&#039;hypnose - Saint-Raphael - Fr\u00e9jus\" \/>\n<meta property=\"og:description\" content=\"La s\u00e9ance en hypnose (environ 1 heure) Chaque s\u00e9ance commence par un moment de dialogue indispensable pour cr\u00e9er une interaction de qualit\u00e9 entre le th\u00e9rapeute et le patient. Cet entretien permet \u00e0 l\u2019hypnoth\u00e9rapeute de recueillir un certain nombre d\u2019informations, de d\u00e9mystifier l\u2019hypnose et au patient d\u2019exposer ses besoins et sa probl\u00e9matique. l\u2019induction de l\u2019\u00e9tat hypnotique. &hellip; Continuer la lecture de &laquo;&nbsp;La s\u00e9ance en hypnose&nbsp;&raquo;\" \/>\n<meta property=\"og:url\" content=\"http:\/\/sophrologie-hypnose-saint-raphael-frejus.fr\/index.php\/hypnose\/la-seance-en-hypnose\/\" \/>\n<meta property=\"og:site_name\" content=\"Sophrologue - Sophroth\u00e9rapeute - Hypnoth\u00e9rapeute\" \/>\n<meta property=\"article:modified_time\" content=\"2018-06-07T07:52:32+00:00\" \/>\n<meta property=\"og:image\" content=\"http:\/\/sophrologie-hypnose-saint-raphael-frejus.fr\/wp-content\/uploads\/2018\/05\/IMG_4770-233x300.jpg\" \/>\n<meta name=\"twitter:card\" content=\"summary_large_image\" \/>\n<meta name=\"twitter:label1\" content=\"Dur\u00e9e de lecture est.\" \/>\n\t<meta name=\"twitter:data1\" content=\"1 minute\" \/>\n<script type=\"application\/ld+json\" class=\"yoast-schema-graph\">{\"@context\":\"https:\/\/schema.org\",\"@graph\":[{\"@type\":\"WebSite\",\"@id\":\"http:\/\/sophrologie-hypnose-saint-raphael-frejus.fr\/#website\",\"url\":\"http:\/\/sophrologie-hypnose-saint-raphael-frejus.fr\/\",\"name\":\"Sophrologue - Sophroth\\u00e9rapeute - Hypnoth\\u00e9rapeute\",\"description\":\"Sophie Davignon - Saint-Raphael\",\"potentialAction\":[{\"@type\":\"SearchAction\",\"target\":\"http:\/\/sophrologie-hypnose-saint-raphael-frejus.fr\/?s={search_term_string}\",\"query-input\":\"required name=search_term_string\"}],\"inLanguage\":\"fr-FR\"},{\"@type\":\"ImageObject\",\"@id\":\"http:\/\/sophrologie-hypnose-saint-raphael-frejus.fr\/index.php\/hypnose\/la-seance-en-hypnose\/#primaryimage\",\"inLanguage\":\"fr-FR\",\"url\":\"http:\/\/sophrologie-hypnose-saint-raphael-frejus.fr\/wp-content\/uploads\/2018\/05\/IMG_4770-233x300.jpg\",\"contentUrl\":\"http:\/\/sophrologie-hypnose-saint-raphael-frejus.fr\/wp-content\/uploads\/2018\/05\/IMG_4770-233x300.jpg\"},{\"@type\":\"WebPage\",\"@id\":\"http:\/\/sophrologie-hypnose-saint-raphael-frejus.fr\/index.php\/hypnose\/la-seance-en-hypnose\/#webpage\",\"url\":\"http:\/\/sophrologie-hypnose-saint-raphael-frejus.fr\/index.php\/hypnose\/la-seance-en-hypnose\/\",\"name\":\"La s\\u00e9ance d'hypnose - Saint-Raphael - Fr\\u00e9jus\",\"isPartOf\":{\"@id\":\"http:\/\/sophrologie-hypnose-saint-raphael-frejus.fr\/#website\"},\"primaryImageOfPage\":{\"@id\":\"http:\/\/sophrologie-hypnose-saint-raphael-frejus.fr\/index.php\/hypnose\/la-seance-en-hypnose\/#primaryimage\"},\"datePublished\":\"2018-05-08T17:38:40+00:00\",\"dateModified\":\"2018-06-07T07:52:32+00:00\",\"breadcrumb\":{\"@id\":\"http:\/\/sophrologie-hypnose-saint-raphael-frejus.fr\/index.php\/hypnose\/la-seance-en-hypnose\/#breadcrumb\"},\"inLanguage\":\"fr-FR\",\"potentialAction\":[{\"@type\":\"ReadAction\",\"target\":[\"http:\/\/sophrologie-hypnose-saint-raphael-frejus.fr\/index.php\/hypnose\/la-seance-en-hypnose\/\"]}]},{\"@type\":\"BreadcrumbList\",\"@id\":\"http:\/\/sophrologie-hypnose-saint-raphael-frejus.fr\/index.php\/hypnose\/la-seance-en-hypnose\/#breadcrumb\",\"itemListElement\":[{\"@type\":\"ListItem\",\"position\":1,\"name\":\"Accueil\",\"item\":\"http:\/\/sophrologie-hypnose-saint-raphael-frejus.fr\/\"},{\"@type\":\"ListItem\",\"position\":2,\"name\":\"Hypnose\",\"item\":\"http:\/\/sophrologie-hypnose-saint-raphael-frejus.fr\/index.php\/hypnose\/\"},{\"@type\":\"ListItem\",\"position\":3,\"name\":\"La s\\u00e9ance en hypnose\"}]}]}<\/script>\n<!-- \/ Yoast SEO plugin. -->","_links":{"self":[{"href":"https:\/\/sophrologie-hypnose-saint-raphael-frejus.fr\/index.php\/wp-json\/wp\/v2\/pages\/108"}],"collection":[{"href":"https:\/\/sophrologie-hypnose-saint-raphael-frejus.fr\/index.php\/wp-json\/wp\/v2\/pages"}],"about":[{"href":"https:\/\/sophrologie-hypnose-saint-raphael-frejus.fr\/index.php\/wp-json\/wp\/v2\/types\/page"}],"author":[{"embeddable":true,"href":"https:\/\/sophrologie-hypnose-saint-raphael-frejus.fr\/index.php\/wp-json\/wp\/v2\/users\/1"}],"replies":[{"embeddable":true,"href":"https:\/\/sophrologie-hypnose-saint-raphael-frejus.fr\/index.php\/wp-json\/wp\/v2\/comments?post=108"}],"version-history":[{"count":4,"href":"https:\/\/sophrologie-hypnose-saint-raphael-frejus.fr\/index.php\/wp-json\/wp\/v2\/pages\/108\/revisions"}],"predecessor-version":[{"id":219,"href":"https:\/\/sophrologie-hypnose-saint-raphael-frejus.fr\/index.php\/wp-json\/wp\/v2\/pages\/108\/revisions\/219"}],"up":[{"embeddable":true,"href":"https:\/\/sophrologie-hypnose-saint-raphael-frejus.fr\/index.php\/wp-json\/wp\/v2\/pages\/78"}],"wp:attachment":[{"href":"https:\/\/sophrologie-hypnose-saint-raphael-frejus.fr\/index.php\/wp-json\/wp\/v2\/media?parent=108"}],"curies":[{"name":"wp","href":"https:\/\/api.w.org\/{rel}","templated":true}]}}