{"id":7,"date":"2018-03-20T11:09:51","date_gmt":"2018-03-20T10:09:51","guid":{"rendered":"http:\/\/sophrologie-hypnose-saint-raphael-frejus.fr\/?page_id=7"},"modified":"2020-08-18T09:53:15","modified_gmt":"2020-08-18T07:53:15","slug":"sophie-davignon","status":"publish","type":"page","link":"https:\/\/sophrologie-hypnose-saint-raphael-frejus.fr\/","title":{"rendered":"Sophie DAVIGNON"},"content":{"rendered":"<p><img loading=\"lazy\" class=\"alignnone size-medium wp-image-186\" src=\"http:\/\/sophrologie-hypnose-saint-raphael-frejus.fr\/wp-content\/uploads\/2018\/05\/IMG_5058-300x244.jpg\" alt=\"Sophrologue Saint-Rapha\u00ebl\" width=\"300\" height=\"244\" srcset=\"https:\/\/sophrologie-hypnose-saint-raphael-frejus.fr\/wp-content\/uploads\/2018\/05\/IMG_5058-300x244.jpg 300w, https:\/\/sophrologie-hypnose-saint-raphael-frejus.fr\/wp-content\/uploads\/2018\/05\/IMG_5058.jpg 375w\" sizes=\"(max-width: 300px) 85vw, 300px\" \/><br \/>\n<big><\/big><\/p>\n<p align=\"justify\">J&rsquo;exerce le m\u00e9tier d\u2019infirmi\u00e8re depuis plus de 25 ans. Tout au long de mon parcours professionnel, la sophrologie et l\u2019hypnose ont \u00e9t\u00e9 une aide pr\u00e9cieuse pour donner le meilleur de moi-m\u00eame. C\u2019est donc tout naturellement que j\u2019ai ressenti le besoin de me former et de faire d\u00e9couvrir aux patients ces m\u00e9thodes qui permettent de traverser plus sereinement les difficult\u00e9s de la vie.<\/p>\n<p align=\"justify\">La douleur physique et morale m\u2019ayant toujours profond\u00e9ment touch\u00e9e, Il m\u2019a paru alors \u00e9vident d\u2019int\u00e9grer le service de douleur chronique et de canc\u00e9rologie de l\u2019h\u00f4pital Bonnet de Fr\u00e9jus \/ Saint-Rapha\u00ebl.<\/p>\n<p align=\"justify\">Cette exp\u00e9rience professionnelle bas\u00e9e sur l\u2019\u00e9coute, la bienveillance, et la rigueur me permet de vous accompagner dans votre d\u00e9marche en douceur et \u00e0 votre rythme. Pour cela, je mets \u00e0 votre disposition les techniques les plus adapt\u00e9es en fonction de vos attentes et de vos besoins. Plus qu\u2019un m\u00e9tier, la sophrologie et l\u2019hypnose sont devenues des passions.<\/p>\n<p><em><strong>La sophrologie, la sophroth\u00e9rapie, l\u2019hypnose ne peuvent en aucun cas se substituer aux traitements m\u00e9dicaux.<\/strong><\/em><\/p>\n<p><strong><u>Mon parcours professionnel<\/u><\/strong><br \/>\n<strong>Infirmi\u00e8re<\/strong> <em>depuis 1995<\/em><br \/>\n<strong>Infirmi\u00e8re de Bloc Op\u00e9ratoire Dipl\u00f4m\u00e9e d\u2019Etat<\/strong><em> depuis 2002<\/em><br \/>\n<strong>Sophrologue Praticienne<\/strong><em> \u2013 Mich\u00e8le Freud Formations. \u00c9cole de sophrologie du Sud-est<\/em><br \/>\nDipl\u00f4me reconnu par l\u2019Etat au niveau III (RNCP)<br \/>\n<strong>Sophroth\u00e9rapeute<\/strong> <em> &#8211; Mich\u00e8le Freud Formations. \u00c9cole de sophrologie du Sud-est<\/em><br \/>\n<strong>Hypnoth\u00e9rapeute<\/strong> <em>dipl\u00f4m\u00e9e de l\u2019Association Fran\u00e7aise de Nouvelle Hypnose<\/em><br \/>\n<strong>Depuis 2014<\/strong><em> sp\u00e9cialis\u00e9e dans la gestion de la douleur chronique et canc\u00e9rologie \u00e0 l\u2019H\u00f4pital Bonnet. <\/em><br \/>\n<strong>Membre de la soci\u00e9t\u00e9 fran\u00e7aise de sophrologie<\/strong><\/p>\n","protected":false},"excerpt":{"rendered":"<p>J&rsquo;exerce le m\u00e9tier d\u2019infirmi\u00e8re depuis plus de 25 ans. Tout au long de mon parcours professionnel, la sophrologie et l\u2019hypnose ont \u00e9t\u00e9 une aide pr\u00e9cieuse pour donner le meilleur de moi-m\u00eame. C\u2019est donc tout naturellement que j\u2019ai ressenti le besoin de me former et de faire d\u00e9couvrir aux patients ces m\u00e9thodes qui permettent de traverser &hellip; <a href=\"https:\/\/sophrologie-hypnose-saint-raphael-frejus.fr\/\" class=\"more-link\">Continuer la lecture<span class=\"screen-reader-text\"> de &laquo;&nbsp;Sophie DAVIGNON&nbsp;&raquo;<\/span><\/a><\/p>\n","protected":false},"author":1,"featured_media":0,"parent":0,"menu_order":0,"comment_status":"closed","ping_status":"closed","template":"","meta":[],"yoast_head":"<!-- This site is optimized with the Yoast SEO plugin v16.5 - https:\/\/yoast.com\/wordpress\/plugins\/seo\/ -->\n<title>Sophie DAVIGNON - Sophrologue - Sophroth\u00e9rapeute - Hypnoth\u00e9rapeute<\/title>\n<meta name=\"robots\" content=\"index, follow, max-snippet:-1, max-image-preview:large, max-video-preview:-1\" \/>\n<link rel=\"canonical\" href=\"http:\/\/sophrologie-hypnose-saint-raphael-frejus.fr\/\" \/>\n<meta property=\"og:locale\" content=\"fr_FR\" \/>\n<meta property=\"og:type\" content=\"article\" \/>\n<meta property=\"og:title\" content=\"Sophie DAVIGNON - Sophrologue - Sophroth\u00e9rapeute - Hypnoth\u00e9rapeute\" \/>\n<meta property=\"og:description\" content=\"J&rsquo;exerce le m\u00e9tier d\u2019infirmi\u00e8re depuis plus de 25 ans. Tout au long de mon parcours professionnel, la sophrologie et l\u2019hypnose ont \u00e9t\u00e9 une aide pr\u00e9cieuse pour donner le meilleur de moi-m\u00eame. C\u2019est donc tout naturellement que j\u2019ai ressenti le besoin de me former et de faire d\u00e9couvrir aux patients ces m\u00e9thodes qui permettent de traverser &hellip; Continuer la lecture de &laquo;&nbsp;Sophie DAVIGNON&nbsp;&raquo;\" \/>\n<meta property=\"og:url\" content=\"http:\/\/sophrologie-hypnose-saint-raphael-frejus.fr\/\" \/>\n<meta property=\"og:site_name\" content=\"Sophrologue - Sophroth\u00e9rapeute - Hypnoth\u00e9rapeute\" \/>\n<meta property=\"article:modified_time\" content=\"2020-08-18T07:53:15+00:00\" \/>\n<meta property=\"og:image\" content=\"http:\/\/sophrologie-hypnose-saint-raphael-frejus.fr\/wp-content\/uploads\/2018\/05\/IMG_5058-300x244.jpg\" \/>\n<meta name=\"twitter:card\" content=\"summary_large_image\" \/>\n<meta name=\"twitter:label1\" content=\"Dur\u00e9e de lecture est.\" \/>\n\t<meta name=\"twitter:data1\" content=\"1 minute\" \/>\n<script type=\"application\/ld+json\" class=\"yoast-schema-graph\">{\"@context\":\"https:\/\/schema.org\",\"@graph\":[{\"@type\":\"WebSite\",\"@id\":\"http:\/\/sophrologie-hypnose-saint-raphael-frejus.fr\/#website\",\"url\":\"http:\/\/sophrologie-hypnose-saint-raphael-frejus.fr\/\",\"name\":\"Sophrologue - Sophroth\\u00e9rapeute - Hypnoth\\u00e9rapeute\",\"description\":\"Sophie Davignon - Saint-Raphael\",\"potentialAction\":[{\"@type\":\"SearchAction\",\"target\":\"http:\/\/sophrologie-hypnose-saint-raphael-frejus.fr\/?s={search_term_string}\",\"query-input\":\"required name=search_term_string\"}],\"inLanguage\":\"fr-FR\"},{\"@type\":\"ImageObject\",\"@id\":\"http:\/\/sophrologie-hypnose-saint-raphael-frejus.fr\/#primaryimage\",\"inLanguage\":\"fr-FR\",\"url\":\"http:\/\/sophrologie-hypnose-saint-raphael-frejus.fr\/wp-content\/uploads\/2018\/05\/IMG_5058-300x244.jpg\",\"contentUrl\":\"http:\/\/sophrologie-hypnose-saint-raphael-frejus.fr\/wp-content\/uploads\/2018\/05\/IMG_5058-300x244.jpg\"},{\"@type\":\"WebPage\",\"@id\":\"http:\/\/sophrologie-hypnose-saint-raphael-frejus.fr\/#webpage\",\"url\":\"http:\/\/sophrologie-hypnose-saint-raphael-frejus.fr\/\",\"name\":\"Sophie DAVIGNON - Sophrologue - Sophroth\\u00e9rapeute - Hypnoth\\u00e9rapeute\",\"isPartOf\":{\"@id\":\"http:\/\/sophrologie-hypnose-saint-raphael-frejus.fr\/#website\"},\"primaryImageOfPage\":{\"@id\":\"http:\/\/sophrologie-hypnose-saint-raphael-frejus.fr\/#primaryimage\"},\"datePublished\":\"2018-03-20T10:09:51+00:00\",\"dateModified\":\"2020-08-18T07:53:15+00:00\",\"breadcrumb\":{\"@id\":\"http:\/\/sophrologie-hypnose-saint-raphael-frejus.fr\/#breadcrumb\"},\"inLanguage\":\"fr-FR\",\"potentialAction\":[{\"@type\":\"ReadAction\",\"target\":[\"http:\/\/sophrologie-hypnose-saint-raphael-frejus.fr\/\"]}]},{\"@type\":\"BreadcrumbList\",\"@id\":\"http:\/\/sophrologie-hypnose-saint-raphael-frejus.fr\/#breadcrumb\",\"itemListElement\":[{\"@type\":\"ListItem\",\"position\":1,\"name\":\"Accueil\",\"item\":\"http:\/\/sophrologie-hypnose-saint-raphael-frejus.fr\/\"},{\"@type\":\"ListItem\",\"position\":2,\"name\":\"Sophie DAVIGNON\"}]}]}<\/script>\n<!-- \/ Yoast SEO plugin. -->","_links":{"self":[{"href":"https:\/\/sophrologie-hypnose-saint-raphael-frejus.fr\/index.php\/wp-json\/wp\/v2\/pages\/7"}],"collection":[{"href":"https:\/\/sophrologie-hypnose-saint-raphael-frejus.fr\/index.php\/wp-json\/wp\/v2\/pages"}],"about":[{"href":"https:\/\/sophrologie-hypnose-saint-raphael-frejus.fr\/index.php\/wp-json\/wp\/v2\/types\/page"}],"author":[{"embeddable":true,"href":"https:\/\/sophrologie-hypnose-saint-raphael-frejus.fr\/index.php\/wp-json\/wp\/v2\/users\/1"}],"replies":[{"embeddable":true,"href":"https:\/\/sophrologie-hypnose-saint-raphael-frejus.fr\/index.php\/wp-json\/wp\/v2\/comments?post=7"}],"version-history":[{"count":39,"href":"https:\/\/sophrologie-hypnose-saint-raphael-frejus.fr\/index.php\/wp-json\/wp\/v2\/pages\/7\/revisions"}],"predecessor-version":[{"id":272,"href":"https:\/\/sophrologie-hypnose-saint-raphael-frejus.fr\/index.php\/wp-json\/wp\/v2\/pages\/7\/revisions\/272"}],"wp:attachment":[{"href":"https:\/\/sophrologie-hypnose-saint-raphael-frejus.fr\/index.php\/wp-json\/wp\/v2\/media?parent=7"}],"curies":[{"name":"wp","href":"https:\/\/api.w.org\/{rel}","templated":true}]}}