{"id":9,"date":"2018-03-20T11:09:51","date_gmt":"2018-03-20T10:09:51","guid":{"rendered":"http:\/\/sophrologie-hypnose-saint-raphael-frejus.fr\/?page_id=9"},"modified":"2018-05-12T19:57:04","modified_gmt":"2018-05-12T17:57:04","slug":"contact","status":"publish","type":"page","link":"https:\/\/sophrologie-hypnose-saint-raphael-frejus.fr\/index.php\/contact\/","title":{"rendered":"Contact"},"content":{"rendered":"<p><strong>Sophie DAVIGNON<\/strong><br \/>\nSophrologue, Sophroth\u00e9rapeute, Hypnoth\u00e9rapeute<br \/>\nSur rendez-vous, t\u00e9l : 07.82.31.52.78 &#8212; e.mail: sdavignon@wanadoo.fr<\/p>\n<p><strong>Adresse du cabinet<\/strong> :<br \/>\nB\u00e2timent 2 (Beige) du p\u00f4le m\u00e9dical Epsilon 3 \u2013 1 er \u00e9tage<br \/>\n87 Avenue Archim\u00e8de<br \/>\n83700 SAINT-RAPHAEL<\/p>\n<figure id=\"attachment_35\" aria-describedby=\"caption-attachment-35\" style=\"width: 300px\" class=\"wp-caption alignnone\"><img loading=\"lazy\" class=\"size-medium wp-image-35\" src=\"http:\/\/sophrologie-hypnose-saint-raphael-frejus.fr\/wp-content\/uploads\/2018\/03\/Bastide-300x223.jpg\" alt=\"\" width=\"300\" height=\"223\" srcset=\"https:\/\/sophrologie-hypnose-saint-raphael-frejus.fr\/wp-content\/uploads\/2018\/03\/Bastide-300x223.jpg 300w, https:\/\/sophrologie-hypnose-saint-raphael-frejus.fr\/wp-content\/uploads\/2018\/03\/Bastide-768x570.jpg 768w, https:\/\/sophrologie-hypnose-saint-raphael-frejus.fr\/wp-content\/uploads\/2018\/03\/Bastide.jpg 783w\" sizes=\"(max-width: 300px) 85vw, 300px\" \/><figcaption id=\"caption-attachment-35\" class=\"wp-caption-text\">P\u00f4le M\u00e9dical &#8211; Grand parking gratuit<\/figcaption><\/figure>\n<p><a href=\"https:\/\/www.pagesjaunes.fr\/carte?bloc_id=078231527800000000C0001&amp;no_sequence=0&amp;code_rubrique=72050500\" target=\"_blank\" rel=\"noopener\">G\u00e9olocalisation<\/a><\/p>\n<p><strong>Acc\u00e8s Bus<\/strong> : Ligne N\u00b012 &#8211; Station Hermes &#8211; <a href=\"http:\/\/www.varlib.fr\/\" target=\"_blank\" rel=\"noopener\">Varlib<\/a><\/p>\n","protected":false},"excerpt":{"rendered":"<p>Sophie DAVIGNON Sophrologue, Sophroth\u00e9rapeute, Hypnoth\u00e9rapeute Sur rendez-vous, t\u00e9l : 07.82.31.52.78 &#8212; e.mail: sdavignon@wanadoo.fr Adresse du cabinet : B\u00e2timent 2 (Beige) du p\u00f4le m\u00e9dical Epsilon 3 \u2013 1 er \u00e9tage 87 Avenue Archim\u00e8de 83700 SAINT-RAPHAEL G\u00e9olocalisation Acc\u00e8s Bus : Ligne N\u00b012 &#8211; Station Hermes &#8211; Varlib<\/p>\n","protected":false},"author":1,"featured_media":0,"parent":0,"menu_order":3,"comment_status":"closed","ping_status":"closed","template":"","meta":[],"yoast_head":"<!-- This site is optimized with the Yoast SEO plugin v16.5 - https:\/\/yoast.com\/wordpress\/plugins\/seo\/ -->\n<title>Contact - Sophrologue - Sophroth\u00e9rapeute - Hypnoth\u00e9rapeute<\/title>\n<meta name=\"robots\" content=\"index, follow, max-snippet:-1, max-image-preview:large, max-video-preview:-1\" \/>\n<link rel=\"canonical\" href=\"http:\/\/sophrologie-hypnose-saint-raphael-frejus.fr\/index.php\/contact\/\" \/>\n<meta property=\"og:locale\" content=\"fr_FR\" \/>\n<meta property=\"og:type\" content=\"article\" \/>\n<meta property=\"og:title\" content=\"Contact - Sophrologue - Sophroth\u00e9rapeute - Hypnoth\u00e9rapeute\" \/>\n<meta property=\"og:description\" content=\"Sophie DAVIGNON Sophrologue, Sophroth\u00e9rapeute, Hypnoth\u00e9rapeute Sur rendez-vous, t\u00e9l : 07.82.31.52.78 &#8212; e.mail: sdavignon@wanadoo.fr Adresse du cabinet : B\u00e2timent 2 (Beige) du p\u00f4le m\u00e9dical Epsilon 3 \u2013 1 er \u00e9tage 87 Avenue Archim\u00e8de 83700 SAINT-RAPHAEL G\u00e9olocalisation Acc\u00e8s Bus : Ligne N\u00b012 &#8211; Station Hermes &#8211; Varlib\" \/>\n<meta property=\"og:url\" content=\"http:\/\/sophrologie-hypnose-saint-raphael-frejus.fr\/index.php\/contact\/\" \/>\n<meta property=\"og:site_name\" content=\"Sophrologue - Sophroth\u00e9rapeute - Hypnoth\u00e9rapeute\" \/>\n<meta property=\"article:modified_time\" content=\"2018-05-12T17:57:04+00:00\" \/>\n<meta property=\"og:image\" content=\"http:\/\/sophrologie-hypnose-saint-raphael-frejus.fr\/wp-content\/uploads\/2018\/03\/Bastide-300x223.jpg\" \/>\n<meta name=\"twitter:card\" content=\"summary_large_image\" \/>\n<script type=\"application\/ld+json\" class=\"yoast-schema-graph\">{\"@context\":\"https:\/\/schema.org\",\"@graph\":[{\"@type\":\"WebSite\",\"@id\":\"http:\/\/sophrologie-hypnose-saint-raphael-frejus.fr\/#website\",\"url\":\"http:\/\/sophrologie-hypnose-saint-raphael-frejus.fr\/\",\"name\":\"Sophrologue - Sophroth\\u00e9rapeute - Hypnoth\\u00e9rapeute\",\"description\":\"Sophie Davignon - Saint-Raphael\",\"potentialAction\":[{\"@type\":\"SearchAction\",\"target\":\"http:\/\/sophrologie-hypnose-saint-raphael-frejus.fr\/?s={search_term_string}\",\"query-input\":\"required name=search_term_string\"}],\"inLanguage\":\"fr-FR\"},{\"@type\":\"ImageObject\",\"@id\":\"http:\/\/sophrologie-hypnose-saint-raphael-frejus.fr\/index.php\/contact\/#primaryimage\",\"inLanguage\":\"fr-FR\",\"url\":\"http:\/\/sophrologie-hypnose-saint-raphael-frejus.fr\/wp-content\/uploads\/2018\/03\/Bastide-300x223.jpg\",\"contentUrl\":\"http:\/\/sophrologie-hypnose-saint-raphael-frejus.fr\/wp-content\/uploads\/2018\/03\/Bastide-300x223.jpg\"},{\"@type\":\"WebPage\",\"@id\":\"http:\/\/sophrologie-hypnose-saint-raphael-frejus.fr\/index.php\/contact\/#webpage\",\"url\":\"http:\/\/sophrologie-hypnose-saint-raphael-frejus.fr\/index.php\/contact\/\",\"name\":\"Contact - Sophrologue - Sophroth\\u00e9rapeute - Hypnoth\\u00e9rapeute\",\"isPartOf\":{\"@id\":\"http:\/\/sophrologie-hypnose-saint-raphael-frejus.fr\/#website\"},\"primaryImageOfPage\":{\"@id\":\"http:\/\/sophrologie-hypnose-saint-raphael-frejus.fr\/index.php\/contact\/#primaryimage\"},\"datePublished\":\"2018-03-20T10:09:51+00:00\",\"dateModified\":\"2018-05-12T17:57:04+00:00\",\"breadcrumb\":{\"@id\":\"http:\/\/sophrologie-hypnose-saint-raphael-frejus.fr\/index.php\/contact\/#breadcrumb\"},\"inLanguage\":\"fr-FR\",\"potentialAction\":[{\"@type\":\"ReadAction\",\"target\":[\"http:\/\/sophrologie-hypnose-saint-raphael-frejus.fr\/index.php\/contact\/\"]}]},{\"@type\":\"BreadcrumbList\",\"@id\":\"http:\/\/sophrologie-hypnose-saint-raphael-frejus.fr\/index.php\/contact\/#breadcrumb\",\"itemListElement\":[{\"@type\":\"ListItem\",\"position\":1,\"name\":\"Accueil\",\"item\":\"http:\/\/sophrologie-hypnose-saint-raphael-frejus.fr\/\"},{\"@type\":\"ListItem\",\"position\":2,\"name\":\"Contact\"}]}]}<\/script>\n<!-- \/ Yoast SEO plugin. -->","_links":{"self":[{"href":"https:\/\/sophrologie-hypnose-saint-raphael-frejus.fr\/index.php\/wp-json\/wp\/v2\/pages\/9"}],"collection":[{"href":"https:\/\/sophrologie-hypnose-saint-raphael-frejus.fr\/index.php\/wp-json\/wp\/v2\/pages"}],"about":[{"href":"https:\/\/sophrologie-hypnose-saint-raphael-frejus.fr\/index.php\/wp-json\/wp\/v2\/types\/page"}],"author":[{"embeddable":true,"href":"https:\/\/sophrologie-hypnose-saint-raphael-frejus.fr\/index.php\/wp-json\/wp\/v2\/users\/1"}],"replies":[{"embeddable":true,"href":"https:\/\/sophrologie-hypnose-saint-raphael-frejus.fr\/index.php\/wp-json\/wp\/v2\/comments?post=9"}],"version-history":[{"count":13,"href":"https:\/\/sophrologie-hypnose-saint-raphael-frejus.fr\/index.php\/wp-json\/wp\/v2\/pages\/9\/revisions"}],"predecessor-version":[{"id":69,"href":"https:\/\/sophrologie-hypnose-saint-raphael-frejus.fr\/index.php\/wp-json\/wp\/v2\/pages\/9\/revisions\/69"}],"wp:attachment":[{"href":"https:\/\/sophrologie-hypnose-saint-raphael-frejus.fr\/index.php\/wp-json\/wp\/v2\/media?parent=9"}],"curies":[{"name":"wp","href":"https:\/\/api.w.org\/{rel}","templated":true}]}}